{"id":52305,"date":"2023-06-25T22:15:50","date_gmt":"2023-06-25T20:15:50","guid":{"rendered":"https:\/\/slodhcup.pumptrack.si\/dh-peca-2023\/"},"modified":"2023-07-09T14:41:49","modified_gmt":"2023-07-09T12:41:49","slug":"dh-peca-2023","status":"publish","type":"page","link":"https:\/\/sloveniadownhillcup.si\/en\/dh-peca-2023\/","title":{"rendered":"DH Peca 2023"},"content":{"rendered":"\t\t<div data-elementor-type=\"wp-page\" data-elementor-id=\"52305\" class=\"elementor elementor-52305\">\n\t\t\t\t\t\t\t\t\t<section class=\"elementor-section elementor-top-section elementor-element elementor-element-83251cc elementor-section-boxed elementor-section-height-default elementor-section-height-default wpr-particle-no wpr-jarallax-no wpr-parallax-no wpr-sticky-section-no\" data-id=\"83251cc\" data-element_type=\"section\">\n\t\t\t\t\t\t<div class=\"elementor-container elementor-column-gap-no\">\n\t\t\t\t\t<div class=\"elementor-column elementor-col-66 elementor-top-column elementor-element elementor-element-27aa8cb\" data-id=\"27aa8cb\" data-element_type=\"column\">\n\t\t\t<div class=\"elementor-widget-wrap elementor-element-populated\">\n\t\t\t\t\t\t\t\t<div class=\"elementor-element elementor-element-00d3a80 elementor-widget elementor-widget-heading\" data-id=\"00d3a80\" data-element_type=\"widget\" data-widget_type=\"heading.default\">\n\t\t\t\t<div class=\"elementor-widget-container\">\n\t\t\t<style>\/*! elementor - v3.12.2 - 23-04-2023 *\/\n.elementor-heading-title{padding:0;margin:0;line-height:1}.elementor-widget-heading .elementor-heading-title[class*=elementor-size-]>a{color:inherit;font-size:inherit;line-height:inherit}.elementor-widget-heading .elementor-heading-title.elementor-size-small{font-size:15px}.elementor-widget-heading .elementor-heading-title.elementor-size-medium{font-size:19px}.elementor-widget-heading .elementor-heading-title.elementor-size-large{font-size:29px}.elementor-widget-heading .elementor-heading-title.elementor-size-xl{font-size:39px}.elementor-widget-heading .elementor-heading-title.elementor-size-xxl{font-size:59px}<\/style><h4 class=\"elementor-heading-title elementor-size-default\">DH Peca<\/h4>\t\t<\/div>\n\t\t\t\t<\/div>\n\t\t\t\t<div class=\"elementor-element elementor-element-eede099 elementor-widget__width-initial elementor-widget elementor-widget-text-editor\" data-id=\"eede099\" data-element_type=\"widget\" data-widget_type=\"text-editor.default\">\n\t\t\t\t<div class=\"elementor-widget-container\">\n\t\t\t<style>\/*! elementor - v3.12.2 - 23-04-2023 *\/\n.elementor-widget-text-editor.elementor-drop-cap-view-stacked .elementor-drop-cap{background-color:#69727d;color:#fff}.elementor-widget-text-editor.elementor-drop-cap-view-framed .elementor-drop-cap{color:#69727d;border:3px solid;background-color:transparent}.elementor-widget-text-editor:not(.elementor-drop-cap-view-default) .elementor-drop-cap{margin-top:8px}.elementor-widget-text-editor:not(.elementor-drop-cap-view-default) .elementor-drop-cap-letter{width:1em;height:1em}.elementor-widget-text-editor .elementor-drop-cap{float:left;text-align:center;line-height:1;font-size:50px}.elementor-widget-text-editor .elementor-drop-cap-letter{display:inline-block}<\/style>\t\t\t\t<p><b style=\"font-size: 16px;\">Organizer<\/b>: \u0160portno dru\u0161tvo MTB Koro\u0161ka, Trg 12a, 2391 Prevalje, +386 (0) 70 929 950, +386 (0) 40 833 738<br \/><b style=\"font-size: 16px;\">Discipline<\/b>: downhill (DHI)<br \/><b style=\"font-size: 16px;\">Level<\/b>: Slovenia Cup \/ Auner Austrian Gravitiy Series<br \/><b style=\"font-size: 16px;\">Location<\/b>: Peca, MTB ZONE Bikepark Petzen<br \/><b>Date<\/b>: July, 1st 2023<\/p><div><p>The first\u00a0<strong>DH Peca<\/strong>\u00a0race will be held on a freshly built track in\u00a0<strong>MTB Zone Bikepark Petzen<\/strong>. The race will also be a part of\u00a0<strong>auner Austrian Gravity Series.<\/strong><\/p><\/div><h5>Event Schedule<\/h5><p><strong>Saturday, July 1st, 2023*<br \/><\/strong>07.30 \u2013 09.00\u00a0\u00a0\u00a0 registration\/number pick up (at the venue)<br \/>08.00 \u2013 09.00\u00a0\u00a0\u00a0 track walk<br \/>09.00 \u2013 09.15\u00a0\u00a0\u00a0 team managers meeting<br \/>09.15 \u2013 13.00\u00a0\u00a0\u00a0 official training (min. of 2 runs)<br \/>14.00 \u2013 15.30\u00a0\u00a0\u00a0 seeding run<br \/>16.30 \u2013 18.00\u00a0\u00a0\u00a0 final run<br \/>18.30\u00a0 \u00a0 \u00a0 \u00a0 \u00a0 \u00a0 \u00a0 \u00a0 \u00a0 \u00a0award presentation (finish area)<\/p><p><em>*Organizer can change the schedule if confirmed by series coordinator and commissaires. Teams\/riders will be notified on time.<\/em><\/p><h5>Training<\/h5><p>Training at rider&#8217;s own responsibility is possible on Friday, June 30, during <strong>MTB ZONE Bikepark Petzen<\/strong> <strong>operating hours between 9.00 do 16.30 hours.<\/strong> In this case the riders has to acquire his own lift pass at the price published at <a href=\"https:\/\/www.mtbzone-bikepark.com\/en\/petzen\">MTB ZONE Bikeparks &#8211; Petzen (mtbzone-bikepark.com)<\/a>.<\/p><p>Some sections of the track will be rideable from Saturday, June 24, during the <strong>MTB ZONE Bikepark Petzen operating hours. Track closures due do track preparation are possible. <\/strong>Any changes will be published on <a href=\"http:\/\/www.sloveniadownhillcup.si\">www.sloveniadownhillcup.si<\/a> and on social media.\u00a0<\/p>\t\t\t\t\t\t<\/div>\n\t\t\t\t<\/div>\n\t\t\t\t\t<\/div>\n\t\t<\/div>\n\t\t\t\t<div class=\"elementor-column elementor-col-33 elementor-top-column elementor-element elementor-element-cd8e4c0 race-buttons\" data-id=\"cd8e4c0\" data-element_type=\"column\">\n\t\t\t<div class=\"elementor-widget-wrap elementor-element-populated\">\n\t\t\t\t\t\t\t\t<div class=\"elementor-element elementor-element-de609ba elementor-align-center elementor-widget elementor-widget-button\" data-id=\"de609ba\" data-element_type=\"widget\" data-widget_type=\"button.default\">\n\t\t\t\t<div class=\"elementor-widget-container\">\n\t\t\t\t\t<div class=\"elementor-button-wrapper\">\n\t\t\t<a href=\"https:\/\/sloveniadownhillcup.si\/wp-content\/uploads\/2023\/06\/DH_Peca_2023_Propositions_01.07.2023.pdf\" target=\"_blank\" class=\"elementor-button-link elementor-button elementor-size-sm\" role=\"button\">\n\t\t\t\t\t\t<span class=\"elementor-button-content-wrapper\">\n\t\t\t\t\t\t<span class=\"elementor-button-text\">RACE INFO<\/span>\n\t\t<\/span>\n\t\t\t\t\t<\/a>\n\t\t<\/div>\n\t\t\t\t<\/div>\n\t\t\t\t<\/div>\n\t\t\t\t<div class=\"elementor-element elementor-element-d81bd9d register-modal elementor-widget elementor-widget-premium-addon-modal-box\" data-id=\"d81bd9d\" data-element_type=\"widget\" data-settings=\"{&quot;premium_modal_box_animation&quot;:&quot;slideInDown&quot;}\" data-widget_type=\"premium-addon-modal-box.default\">\n\t\t\t\t<div class=\"elementor-widget-container\">\n\t\t\t\r\n\t\t<div class=\"premium-modal-box-container\" data-settings=\"{&quot;trigger&quot;:&quot;button&quot;}\">\r\n\t\t\t<div class=\"premium-modal-trigger-container\">\r\n\t\t\t\t\t\t\t\t\t<button data-toggle=\"premium-modal\" data-target=\"#premium-modal-d81bd9d\" type=\"button\" class=\"premium-modal-trigger-btn premium-btn-lg\">\r\n\t\t\t\t\t\t\t\t\t\t\t\t<span>TRACK<\/span>\r\n\t\t\t\t\t\t\t\t\t\t\t<\/button>\r\n\t\t\t\t\t\t\t<\/div>\r\n\r\n\t\t\t<div id=\"premium-modal-d81bd9d\" class=\"premium-modal-box-modal\" role=\"dialog\" style=\"display: none\">\r\n\t\t\t\t<div class=\"premium-modal-box-modal-dialog\" data-delay-animation=\"\" data-modal-animation=\"slideInDown animated-fast\">\r\n\t\t\t\t\t\t\t\t\t\t\t<div class=\"premium-modal-box-modal-header\">\r\n\t\t\t\t\t\t\t\t\t\t\t\t\t\t\t<h3 class=\"premium-modal-box-modal-title\">\r\n\t\t\t\t\t\t\t\t\tTrack\t\t\t\t\t\t\t\t<\/h3>\r\n\t\t\t\t\t\t\t\t\t\t\t\t\t\t\t\t\t\t\t\t\t\t<div class=\"premium-modal-box-close-button-container\">\r\n\t\t\t\t\t\t\t\t\t<button type=\"button\" class=\"premium-modal-box-modal-close\" data-dismiss=\"premium-modal\">&times;<\/button>\r\n\t\t\t\t\t\t\t\t<\/div>\r\n\t\t\t\t\t\t\t\t\t\t\t\t\t<\/div>\r\n\t\t\t\t\t\t\t\t\t\t<div class=\"premium-modal-box-modal-body\">\r\n\t\t\t\t\t\t<p><img decoding=\"async\" loading=\"lazy\" class=\"size-medium wp-image-52300 aligncenter\" src=\"https:\/\/slodhcup.pumptrack.si\/wp-content\/uploads\/2023\/06\/DH-Peca_map_1300-487x640.jpg\" alt=\"\" width=\"487\" height=\"640\" srcset=\"https:\/\/sloveniadownhillcup.si\/wp-content\/uploads\/2023\/06\/DH-Peca_map_1300-487x640.jpg 487w, https:\/\/sloveniadownhillcup.si\/wp-content\/uploads\/2023\/06\/DH-Peca_map_1300-975x1280.jpg 975w, https:\/\/sloveniadownhillcup.si\/wp-content\/uploads\/2023\/06\/DH-Peca_map_1300-768x1008.jpg 768w, https:\/\/sloveniadownhillcup.si\/wp-content\/uploads\/2023\/06\/DH-Peca_map_1300.jpg 990w\" sizes=\"(max-width: 487px) 100vw, 487px\" \/><\/p>\t\t\t\t\t<\/div>\r\n\t\t\t\t\t\t\t\t\t<\/div>\r\n\t\t\t<\/div>\r\n\t\t<\/div>\r\n\r\n\t\t\t\t<\/div>\n\t\t\t\t<\/div>\n\t\t\t\t<div class=\"elementor-element elementor-element-2fc3607 register-modal elementor-widget elementor-widget-premium-addon-modal-box\" data-id=\"2fc3607\" data-element_type=\"widget\" data-settings=\"{&quot;premium_modal_box_animation&quot;:&quot;slideInDown&quot;}\" data-widget_type=\"premium-addon-modal-box.default\">\n\t\t\t\t<div class=\"elementor-widget-container\">\n\t\t\t\r\n\t\t<div class=\"premium-modal-box-container\" data-settings=\"{&quot;trigger&quot;:&quot;button&quot;}\">\r\n\t\t\t<div class=\"premium-modal-trigger-container\">\r\n\t\t\t\t\t\t\t\t\t<button data-toggle=\"premium-modal\" data-target=\"#premium-modal-2fc3607\" type=\"button\" class=\"premium-modal-trigger-btn premium-btn-lg\">\r\n\t\t\t\t\t\t\t\t\t\t\t\t<span>REGISTRATION<\/span>\r\n\t\t\t\t\t\t\t\t\t\t\t<\/button>\r\n\t\t\t\t\t\t\t<\/div>\r\n\r\n\t\t\t<div id=\"premium-modal-2fc3607\" class=\"premium-modal-box-modal\" role=\"dialog\" style=\"display: none\">\r\n\t\t\t\t<div class=\"premium-modal-box-modal-dialog\" data-delay-animation=\"\" data-modal-animation=\"slideInDown animated-fast\">\r\n\t\t\t\t\t\t\t\t\t\t\t<div class=\"premium-modal-box-modal-header\">\r\n\t\t\t\t\t\t\t\t\t\t\t\t\t\t\t<h3 class=\"premium-modal-box-modal-title\">\r\n\t\t\t\t\t\t\t\t\tRegistration\t\t\t\t\t\t\t\t<\/h3>\r\n\t\t\t\t\t\t\t\t\t\t\t\t\t\t\t\t\t\t\t\t\t\t<div class=\"premium-modal-box-close-button-container\">\r\n\t\t\t\t\t\t\t\t\t<button type=\"button\" class=\"premium-modal-box-modal-close\" data-dismiss=\"premium-modal\">&times;<\/button>\r\n\t\t\t\t\t\t\t\t<\/div>\r\n\t\t\t\t\t\t\t\t\t\t\t\t\t<\/div>\r\n\t\t\t\t\t\t\t\t\t\t<div class=\"premium-modal-box-modal-body\">\r\n\t\t\t\t\t\t<iframe src=\"https:\/\/prijavim.se\/embed_form.php?race=4989\" target=\"_parent\" id=\"frame\" sandbox=\"allow-modals allow-same-origin allow-scripts allow-top-navigation allow-forms\"  frameborder=\"0\" scrolling=\"no\" style=\"width:auto; min-width:344px;\tmax-width:600px; min-height: 1407px;\"  seamless><\/iframe>\t\t\t\t\t<\/div>\r\n\t\t\t\t\t\t\t\t\t<\/div>\r\n\t\t\t<\/div>\r\n\t\t<\/div>\r\n\r\n\t\t\t\t<\/div>\n\t\t\t\t<\/div>\n\t\t\t\t<div class=\"elementor-element elementor-element-49fa4f8 register-modal elementor-widget elementor-widget-premium-addon-modal-box\" data-id=\"49fa4f8\" data-element_type=\"widget\" data-settings=\"{&quot;premium_modal_box_animation&quot;:&quot;slideInDown&quot;}\" data-widget_type=\"premium-addon-modal-box.default\">\n\t\t\t\t<div class=\"elementor-widget-container\">\n\t\t\t\r\n\t\t<div class=\"premium-modal-box-container\" data-settings=\"{&quot;trigger&quot;:&quot;button&quot;}\">\r\n\t\t\t<div class=\"premium-modal-trigger-container\">\r\n\t\t\t\t\t\t\t\t\t<button data-toggle=\"premium-modal\" data-target=\"#premium-modal-49fa4f8\" type=\"button\" class=\"premium-modal-trigger-btn premium-btn-lg\">\r\n\t\t\t\t\t\t\t\t\t\t\t\t<span>RIDERS<\/span>\r\n\t\t\t\t\t\t\t\t\t\t\t<\/button>\r\n\t\t\t\t\t\t\t<\/div>\r\n\r\n\t\t\t<div id=\"premium-modal-49fa4f8\" class=\"premium-modal-box-modal\" role=\"dialog\" style=\"display: none\">\r\n\t\t\t\t<div class=\"premium-modal-box-modal-dialog\" data-delay-animation=\"\" data-modal-animation=\"slideInDown animated-fast\">\r\n\t\t\t\t\t\t\t\t\t\t\t<div class=\"premium-modal-box-modal-header\">\r\n\t\t\t\t\t\t\t\t\t\t\t\t\t\t\t<h3 class=\"premium-modal-box-modal-title\">\r\n\t\t\t\t\t\t\t\t\tRiders\t\t\t\t\t\t\t\t<\/h3>\r\n\t\t\t\t\t\t\t\t\t\t\t\t\t\t\t\t\t\t\t\t\t\t<div class=\"premium-modal-box-close-button-container\">\r\n\t\t\t\t\t\t\t\t\t<button type=\"button\" class=\"premium-modal-box-modal-close\" data-dismiss=\"premium-modal\">&times;<\/button>\r\n\t\t\t\t\t\t\t\t<\/div>\r\n\t\t\t\t\t\t\t\t\t\t\t\t\t<\/div>\r\n\t\t\t\t\t\t\t\t\t\t<div class=\"premium-modal-box-modal-body\">\r\n\t\t\t\t\t\t<iframe src=\"https:\/\/prijavim.se\/checking.php?match_id=4989\" target=\"_parent\" id=\"frame\" sandbox=\"allow-same-origin allow-scripts allow-top-navigation allow-forms\" frameborder=\"0\" scrolling=\"yes\" style=\"width: auto; min-width: 615px; max-width: 615px; min-height: 851px; overflow-y: hidden;\" seamless=\"\" width=\"auto\"><\/iframe>\t\t\t\t\t<\/div>\r\n\t\t\t\t\t\t\t\t\t<\/div>\r\n\t\t\t<\/div>\r\n\t\t<\/div>\r\n\r\n\t\t\t\t<\/div>\n\t\t\t\t<\/div>\n\t\t\t\t\t<\/div>\n\t\t<\/div>\n\t\t\t\t\t\t\t<\/div>\n\t\t<\/section>\n\t\t\t\t<section class=\"elementor-section elementor-top-section elementor-element elementor-element-a8418b7 news ct-section-stretched elementor-section-full_width elementor-section-height-default elementor-section-height-default wpr-particle-no wpr-jarallax-no wpr-parallax-no wpr-sticky-section-no\" data-id=\"a8418b7\" data-element_type=\"section\">\n\t\t\t\t\t\t<div class=\"elementor-container elementor-column-gap-no\">\n\t\t\t\t\t<div class=\"elementor-column elementor-col-100 elementor-top-column elementor-element elementor-element-2a3d037\" data-id=\"2a3d037\" data-element_type=\"column\">\n\t\t\t<div class=\"elementor-widget-wrap elementor-element-populated\">\n\t\t\t\t\t\t\t\t<div class=\"elementor-element elementor-element-31386d6 premium-blog-align-left elementor-widget elementor-widget-premium-addon-blog\" data-id=\"31386d6\" data-element_type=\"widget\" data-settings=\"{&quot;premium_blog_columns_number&quot;:&quot;100%&quot;,&quot;premium_blog_grid&quot;:&quot;yes&quot;,&quot;premium_blog_layout&quot;:&quot;even&quot;,&quot;premium_blog_columns_number_tablet&quot;:&quot;50%&quot;,&quot;premium_blog_columns_number_mobile&quot;:&quot;100%&quot;}\" data-widget_type=\"premium-addon-blog.default\">\n\t\t\t\t<div class=\"elementor-widget-container\">\n\t\t\t\r\n\t\t\t\t<div class=\"premium-blog-wrap  premium-blog-even\" data-page=\"52305\">\r\n\t\t\t\t\t<div class=\"premium-blog-post-outer-container\" data-total=\"1\">\r\n\t\t\t<div class=\"premium-blog-post-container premium-blog-skin-classic\">\r\n\t\t\t\t\t\t\t\t\t<div class=\"premium-blog-thumb-effect-wrapper\">\r\n\t\t\t\t\t\t<div class=\"premium-blog-thumbnail-container premium-blog-zoomin-effect\">\r\n\t\t\t\t\t\t\t<img decoding=\"async\" width=\"1280\" height=\"652\" src=\"https:\/\/sloveniadownhillcup.si\/wp-content\/uploads\/2023\/07\/230705_dhpeca-video-1280x652.jpg\" class=\"attachment-large size-large wp-image-52767\" alt=\"dh peca, kristjan vre\u010dek\" loading=\"lazy\" srcset=\"https:\/\/sloveniadownhillcup.si\/wp-content\/uploads\/2023\/07\/230705_dhpeca-video-1280x652.jpg 1280w, https:\/\/sloveniadownhillcup.si\/wp-content\/uploads\/2023\/07\/230705_dhpeca-video-640x326.jpg 640w, https:\/\/sloveniadownhillcup.si\/wp-content\/uploads\/2023\/07\/230705_dhpeca-video-768x391.jpg 768w, https:\/\/sloveniadownhillcup.si\/wp-content\/uploads\/2023\/07\/230705_dhpeca-video.jpg 1300w\" sizes=\"(max-width: 1280px) 100vw, 1280px\" \/>\t\t\t\t\t\t<\/div>\r\n\t\t\t\t\t\t\t\t\t\t\t\t\t<div class=\"premium-blog-thumbnail-overlay\">\r\n\t\t\t\t\t\t\t\t<a class=\"elementor-icon\" href=\"https:\/\/sloveniadownhillcup.si\/en\/2023\/dh-peca-video\/\" target=\"_self\" aria-hidden=\"true\"><span>DH Peca: Video<\/span><\/a>\r\n\t\t\t\t\t\t\t<\/div>\r\n\t\t\t\t\t\t\t\t\t\t\t<\/div>\r\n\t\t\t\t\t\t\t\t\t\t\t\t<div class=\"premium-blog-content-wrapper \">\r\n\r\n\t\t\t\t\t<div class=\"premium-blog-inner-container\">\r\n\r\n\t\t\t\t\t\t\t\t\t\t\t\t\t\t<h4 class=\"premium-blog-entry-title\">\r\n\t\t\t<a href=\"https:\/\/sloveniadownhillcup.si\/en\/2023\/dh-peca-video\/\" target=\"_self\">\r\n\t\t\t\tDH Peca: Video\t\t\t<\/a>\r\n\t\t<\/h4>\r\n\t\t\t\t<div class=\"premium-blog-entry-meta\">\r\n\t\t\t\r\n\t\t\t\t\t\t\t<span class=\"premium-blog-meta-separator\">\u2022<\/span>\r\n\t\t\t\t<div class=\"premium-blog-post-time premium-blog-meta-data\">\r\n\t\t\t\t\t<i class=\"fa fa-clock-o\" aria-hidden=\"true\"><\/i>\r\n\t\t\t\t\t<span>05.07.2023<\/span>\r\n\t\t\t\t<\/div>\r\n\t\t\t\r\n\t\t\t\r\n\t\t\t\t\t<\/div>\r\n\t\t\r\n\t\t\t\t\t<\/div>\r\n\r\n\t\t\t\t\t<p class=\"premium-blog-post-content\"><\/p>\t\t\t\t\t\r\n\t\t\t\t<\/div>\r\n\t\t\t<\/div>\r\n\t\t<\/div>\r\n\r\n\t\t\t\t<div class=\"premium-blog-post-outer-container\" data-total=\"1\">\r\n\t\t\t<div class=\"premium-blog-post-container premium-blog-skin-classic\">\r\n\t\t\t\t\t\t\t\t\t<div class=\"premium-blog-thumb-effect-wrapper\">\r\n\t\t\t\t\t\t<div class=\"premium-blog-thumbnail-container premium-blog-zoomin-effect\">\r\n\t\t\t\t\t\t\t<img decoding=\"async\" width=\"1280\" height=\"854\" src=\"https:\/\/sloveniadownhillcup.si\/wp-content\/uploads\/2023\/07\/peca_23_2500px-21-of-47-1280x854.jpg\" class=\"attachment-large size-large wp-image-52689\" alt=\"\" loading=\"lazy\" srcset=\"https:\/\/sloveniadownhillcup.si\/wp-content\/uploads\/2023\/07\/peca_23_2500px-21-of-47-1280x854.jpg 1280w, https:\/\/sloveniadownhillcup.si\/wp-content\/uploads\/2023\/07\/peca_23_2500px-21-of-47-640x427.jpg 640w, https:\/\/sloveniadownhillcup.si\/wp-content\/uploads\/2023\/07\/peca_23_2500px-21-of-47-768x512.jpg 768w, https:\/\/sloveniadownhillcup.si\/wp-content\/uploads\/2023\/07\/peca_23_2500px-21-of-47.jpg 1300w\" sizes=\"(max-width: 1280px) 100vw, 1280px\" \/>\t\t\t\t\t\t<\/div>\r\n\t\t\t\t\t\t\t\t\t\t\t\t\t<div class=\"premium-blog-thumbnail-overlay\">\r\n\t\t\t\t\t\t\t\t<a class=\"elementor-icon\" href=\"https:\/\/sloveniadownhillcup.si\/en\/2023\/dh-peca-fotogalerija\/\" target=\"_self\" aria-hidden=\"true\"><span>DH Peca: Photo gallery<\/span><\/a>\r\n\t\t\t\t\t\t\t<\/div>\r\n\t\t\t\t\t\t\t\t\t\t\t<\/div>\r\n\t\t\t\t\t\t\t\t\t\t\t\t<div class=\"premium-blog-content-wrapper \">\r\n\r\n\t\t\t\t\t<div class=\"premium-blog-inner-container\">\r\n\r\n\t\t\t\t\t\t\t\t\t\t\t\t\t\t<h4 class=\"premium-blog-entry-title\">\r\n\t\t\t<a href=\"https:\/\/sloveniadownhillcup.si\/en\/2023\/dh-peca-fotogalerija\/\" target=\"_self\">\r\n\t\t\t\tDH Peca: Photo gallery\t\t\t<\/a>\r\n\t\t<\/h4>\r\n\t\t\t\t<div class=\"premium-blog-entry-meta\">\r\n\t\t\t\r\n\t\t\t\t\t\t\t<span class=\"premium-blog-meta-separator\">\u2022<\/span>\r\n\t\t\t\t<div class=\"premium-blog-post-time premium-blog-meta-data\">\r\n\t\t\t\t\t<i class=\"fa fa-clock-o\" aria-hidden=\"true\"><\/i>\r\n\t\t\t\t\t<span>04.07.2023<\/span>\r\n\t\t\t\t<\/div>\r\n\t\t\t\r\n\t\t\t\r\n\t\t\t\t\t<\/div>\r\n\t\t\r\n\t\t\t\t\t<\/div>\r\n\r\n\t\t\t\t\t<p class=\"premium-blog-post-content\">New track on Petzen and a clash of two downhill series the auner Austrian Gravity Series and our 20chocolate Downhill Cup. With two official photographers as well.<\/p>\t\t\t\t\t\r\n\t\t\t\t<\/div>\r\n\t\t\t<\/div>\r\n\t\t<\/div>\r\n\r\n\t\t\t\t<div class=\"premium-blog-post-outer-container\" data-total=\"1\">\r\n\t\t\t<div class=\"premium-blog-post-container premium-blog-skin-classic\">\r\n\t\t\t\t\t\t\t\t\t<div class=\"premium-blog-thumb-effect-wrapper\">\r\n\t\t\t\t\t\t<div class=\"premium-blog-thumbnail-container premium-blog-zoomin-effect\">\r\n\t\t\t\t\t\t\t<img decoding=\"async\" width=\"970\" height=\"506\" src=\"https:\/\/sloveniadownhillcup.si\/wp-content\/uploads\/2023\/07\/peca23-0_berginc2_FSG.jpg\" class=\"attachment-large size-large wp-image-52607\" alt=\"\" loading=\"lazy\" srcset=\"https:\/\/sloveniadownhillcup.si\/wp-content\/uploads\/2023\/07\/peca23-0_berginc2_FSG.jpg 970w, https:\/\/sloveniadownhillcup.si\/wp-content\/uploads\/2023\/07\/peca23-0_berginc2_FSG-640x334.jpg 640w, https:\/\/sloveniadownhillcup.si\/wp-content\/uploads\/2023\/07\/peca23-0_berginc2_FSG-768x401.jpg 768w\" sizes=\"(max-width: 970px) 100vw, 970px\" \/>\t\t\t\t\t\t<\/div>\r\n\t\t\t\t\t\t\t\t\t\t\t\t\t<div class=\"premium-blog-thumbnail-overlay\">\r\n\t\t\t\t\t\t\t\t<a class=\"elementor-icon\" href=\"https:\/\/sloveniadownhillcup.si\/en\/2023\/tina-smrdel-and-luka-berginc-the-first-dh-peca-petzen-winners\/\" target=\"_self\" aria-hidden=\"true\"><span>Tina Smrdel and Luka Berginc the first DH Peca\/Petzen winners<\/span><\/a>\r\n\t\t\t\t\t\t\t<\/div>\r\n\t\t\t\t\t\t\t\t\t\t\t<\/div>\r\n\t\t\t\t\t\t\t\t\t\t\t\t<div class=\"premium-blog-content-wrapper \">\r\n\r\n\t\t\t\t\t<div class=\"premium-blog-inner-container\">\r\n\r\n\t\t\t\t\t\t\t\t\t\t\t\t\t\t<h4 class=\"premium-blog-entry-title\">\r\n\t\t\t<a href=\"https:\/\/sloveniadownhillcup.si\/en\/2023\/tina-smrdel-and-luka-berginc-the-first-dh-peca-petzen-winners\/\" target=\"_self\">\r\n\t\t\t\tTina Smrdel and Luka Berginc the first DH Peca\/Petzen winners\t\t\t<\/a>\r\n\t\t<\/h4>\r\n\t\t\t\t<div class=\"premium-blog-entry-meta\">\r\n\t\t\t\r\n\t\t\t\t\t\t\t<span class=\"premium-blog-meta-separator\">\u2022<\/span>\r\n\t\t\t\t<div class=\"premium-blog-post-time premium-blog-meta-data\">\r\n\t\t\t\t\t<i class=\"fa fa-clock-o\" aria-hidden=\"true\"><\/i>\r\n\t\t\t\t\t<span>03.07.2023<\/span>\r\n\t\t\t\t<\/div>\r\n\t\t\t\r\n\t\t\t\r\n\t\t\t\t\t<\/div>\r\n\t\t\r\n\t\t\t\t\t<\/div>\r\n\r\n\t\t\t\t\t<p class=\"premium-blog-post-content\">Austria and at least a little bit Slovenia as well have a new downhill race. The first Downhill Peca\/Petzen race united the Slovenian 20chocolate Downhill Cup with the auner Austrian \u2026<\/p>\t\t\t\t\t\r\n\t\t\t\t<\/div>\r\n\t\t\t<\/div>\r\n\t\t<\/div>\r\n\r\n\t\t\t\t<div class=\"premium-blog-post-outer-container\" data-total=\"1\">\r\n\t\t\t<div class=\"premium-blog-post-container premium-blog-skin-classic\">\r\n\t\t\t\t\t\t\t\t\t<div class=\"premium-blog-thumb-effect-wrapper\">\r\n\t\t\t\t\t\t<div class=\"premium-blog-thumbnail-container premium-blog-zoomin-effect\">\r\n\t\t\t\t\t\t\t<img decoding=\"async\" width=\"1280\" height=\"894\" src=\"https:\/\/sloveniadownhillcup.si\/wp-content\/uploads\/2023\/06\/20-CHO-DH-Cup_PECA-2-1280x894.png\" class=\"attachment-large size-large wp-image-52264\" alt=\"\" loading=\"lazy\" srcset=\"https:\/\/sloveniadownhillcup.si\/wp-content\/uploads\/2023\/06\/20-CHO-DH-Cup_PECA-2-1280x894.png 1280w, https:\/\/sloveniadownhillcup.si\/wp-content\/uploads\/2023\/06\/20-CHO-DH-Cup_PECA-2-640x447.png 640w, https:\/\/sloveniadownhillcup.si\/wp-content\/uploads\/2023\/06\/20-CHO-DH-Cup_PECA-2-768x537.png 768w, https:\/\/sloveniadownhillcup.si\/wp-content\/uploads\/2023\/06\/20-CHO-DH-Cup_PECA-2-1536x1073.png 1536w, https:\/\/sloveniadownhillcup.si\/wp-content\/uploads\/2023\/06\/20-CHO-DH-Cup_PECA-2.png 1952w\" sizes=\"(max-width: 1280px) 100vw, 1280px\" \/>\t\t\t\t\t\t<\/div>\r\n\t\t\t\t\t\t\t\t\t\t\t\t\t<div class=\"premium-blog-thumbnail-overlay\">\r\n\t\t\t\t\t\t\t\t<a class=\"elementor-icon\" href=\"https:\/\/sloveniadownhillcup.si\/en\/2023\/naj-se-dirkanje-v-spustu-zacne-dh-peca-in-dh-sorca\/\" target=\"_self\" aria-hidden=\"true\"><span>Let the downhill racing begin! DH Peca and DH Sor&#8217;ca<\/span><\/a>\r\n\t\t\t\t\t\t\t<\/div>\r\n\t\t\t\t\t\t\t\t\t\t\t<\/div>\r\n\t\t\t\t\t\t\t\t\t\t\t\t<div class=\"premium-blog-content-wrapper \">\r\n\r\n\t\t\t\t\t<div class=\"premium-blog-inner-container\">\r\n\r\n\t\t\t\t\t\t\t\t\t\t\t\t\t\t<h4 class=\"premium-blog-entry-title\">\r\n\t\t\t<a href=\"https:\/\/sloveniadownhillcup.si\/en\/2023\/naj-se-dirkanje-v-spustu-zacne-dh-peca-in-dh-sorca\/\" target=\"_self\">\r\n\t\t\t\tLet the downhill racing begin! DH Peca and DH Sor&#8217;ca\t\t\t<\/a>\r\n\t\t<\/h4>\r\n\t\t\t\t<div class=\"premium-blog-entry-meta\">\r\n\t\t\t\r\n\t\t\t\t\t\t\t<span class=\"premium-blog-meta-separator\">\u2022<\/span>\r\n\t\t\t\t<div class=\"premium-blog-post-time premium-blog-meta-data\">\r\n\t\t\t\t\t<i class=\"fa fa-clock-o\" aria-hidden=\"true\"><\/i>\r\n\t\t\t\t\t<span>26.06.2023<\/span>\r\n\t\t\t\t<\/div>\r\n\t\t\t\r\n\t\t\t\r\n\t\t\t\t\t<\/div>\r\n\t\t\r\n\t\t\t\t\t<\/div>\r\n\r\n\t\t\t\t\t<p class=\"premium-blog-post-content\">This weekend, on Saturday, July 1st, it finally begins! After April&#8217;s \u00bbtest event\u00ab at Golovec trails we are starting the 20chocolate Downhill Cup, the Slovenian downhill series, at Petzen, Austria.<\/p>\t\t\t\t\t\r\n\t\t\t\t<\/div>\r\n\t\t\t<\/div>\r\n\t\t<\/div>\r\n\r\n\t\t\t\t<\/div>\r\n\r\n\t\t\t\t<\/div>\n\t\t\t\t<\/div>\n\t\t\t\t\t<\/div>\n\t\t<\/div>\n\t\t\t\t\t\t\t<\/div>\n\t\t<\/section>\n\t\t\t\t\t\t\t<\/div>\n\t\t","protected":false},"excerpt":{"rendered":"<p>DH Peca Organizer: \u0160portno dru\u0161tvo MTB Koro\u0161ka, Trg 12a, 2391 Prevalje, +386 (0) 70 929 950, +386 (0) 40 833 738Discipline: downhill (DHI)Level: Slovenia Cup \/ Auner Austrian Gravitiy SeriesLocation: Peca, MTB ZONE Bikepark PetzenDate: July, 1st 2023 The first\u00a0DH Peca\u00a0race will be held on a freshly built track in\u00a0MTB Zone Bikepark Petzen. The race will also be a part of\u00a0auner Austrian Gravity Series. Event Schedule Saturday, July 1st, 2023*07.30 \u2013 09.00\u00a0\u00a0\u00a0 registration\/number pick up (at the venue)08.00 \u2013 09.00\u00a0\u00a0\u00a0 track walk09.00 \u2013 09.15\u00a0\u00a0\u00a0 team managers meeting09.15 \u2013 13.00\u00a0\u00a0\u00a0 official training (min. of 2 runs)14.00 \u2013 15.30\u00a0\u00a0\u00a0 seeding run16.30 \u2013\u2026<\/p>\n","protected":false},"author":8,"featured_media":0,"parent":0,"menu_order":0,"comment_status":"closed","ping_status":"closed","template":"","meta":[],"blocksy_meta":"","_links":{"self":[{"href":"https:\/\/sloveniadownhillcup.si\/en\/wp-json\/wp\/v2\/pages\/52305"}],"collection":[{"href":"https:\/\/sloveniadownhillcup.si\/en\/wp-json\/wp\/v2\/pages"}],"about":[{"href":"https:\/\/sloveniadownhillcup.si\/en\/wp-json\/wp\/v2\/types\/page"}],"author":[{"embeddable":true,"href":"https:\/\/sloveniadownhillcup.si\/en\/wp-json\/wp\/v2\/users\/8"}],"replies":[{"embeddable":true,"href":"https:\/\/sloveniadownhillcup.si\/en\/wp-json\/wp\/v2\/comments?post=52305"}],"version-history":[{"count":27,"href":"https:\/\/sloveniadownhillcup.si\/en\/wp-json\/wp\/v2\/pages\/52305\/revisions"}],"predecessor-version":[{"id":52809,"href":"https:\/\/sloveniadownhillcup.si\/en\/wp-json\/wp\/v2\/pages\/52305\/revisions\/52809"}],"wp:attachment":[{"href":"https:\/\/sloveniadownhillcup.si\/en\/wp-json\/wp\/v2\/media?parent=52305"}],"curies":[{"name":"wp","href":"https:\/\/api.w.org\/{rel}","templated":true}]}}